{"id":2063,"date":"2023-08-01T13:00:21","date_gmt":"2023-08-01T10:00:21","guid":{"rendered":"https:\/\/www.elshandawiily.com\/product\/allgemeine-beratungen\/"},"modified":"2023-08-01T13:00:21","modified_gmt":"2023-08-01T10:00:21","slug":"allgemeine-beratungen","status":"publish","type":"product","link":"https:\/\/www.elshandawiily.com\/de\/produkt\/allgemeine-beratungen\/","title":{"rendered":"Allgemeine Beratungen"},"content":{"rendered":"<div class=\"ChatMessagesView_messagePair__CsQMW\">\n<div class=\"ChatMessage_chatMessage__KOsJb\" data-complete=\"true\">\n<div class=\"ChatMessage_messageRow__7yIr2\">\n<div class=\"ChatMessage_messageWrapper__Zf87D\">\n<div>\n<div class=\"Message_row___ur0Y\">\n<div class=\"Message_botMessageBubble__CPGMI\">\n<div class=\"Markdown_markdownContainer__UyYrv\">\n<p style=\"direction: rtl;\">Das Produkt der Buchung einer rechtlichen Beratung erm\u00f6glicht es Kunden, durch Buchung einer Beratungssitzung mit einem qualifizierten Anwalt, der sich auf das erforderliche Fachgebiet spezialisiert hat, angemessene und qualifizierte rechtliche Beratung und Unterst\u00fctzung zu erhalten. Kunden k\u00f6nnen eine Beratungssitzung online oder telefonisch buchen, und es wird ein bequemer Termin f\u00fcr sie vereinbart, um ihre rechtlichen Probleme zu besprechen und Antworten auf ihre Fragen zu erhalten. Dieses Produkt Zeichnet Sich Durch Seine Einfachheit, Bequemlichkeit und Geschwindigkeit Bei der Beschaffung Der Erforderlichen Aus, Was Zeit Und Aufwand F\u00fcr Kund En Spart und sicherstellt, dass sie angemessene und Qualifizierte Rechtliche bratung Erhalten.<\/p>\n<\/div>\n<\/div>\n<\/div>\n<\/div>\n<\/div>\n<\/div>\n<\/div>\n<\/div>\n<div class=\"ChatMessagesView_messagePair__CsQMW\">\n<div class=\"ChatMessage_chatMessage__KOsJb\" data-complete=\"true\">\n<div class=\"ChatMessage_messageRow__7yIr2\">\n<div class=\"ChatMessage_messageWrapper__Zf87D ChatMessage_humanMessageWrapper__76ZSo\">\n<div>\n<div class=\"Message_row___ur0Y Message_humanRow__cmibI\">\n<div class=\"Message_humanMessageBubble__Nld4j\">\n<div class=\"Markdown_markdownContainer__UyYrv\" style=\"direction: rtl;\"><\/div>\n<\/div>\n<\/div>\n<\/div>\n<\/div>\n<\/div>\n<\/div>\n<\/div>\n","protected":false},"excerpt":{"rendered":"Das Produkt der Buchung einer rechtlichen Beratung erm\u00f6glicht es Kunden, durch Buchung einer Beratungssitzung mit einem qualifizierten Anwalt, der sich auf das erforderliche Fachgebiet spezialisiert hat, angemessene und qualifizierte rechtliche Beratung und Unterst\u00fctzung zu erhalten. Kunden k\u00f6nnen eine Beratungssitzung online oder telefonisch buchen, und es wird ein bequemer Termin f\u00fcr sie vereinbart, um ihre rechtlichen ","protected":false},"featured_media":1991,"comment_status":"open","ping_status":"closed","template":"","meta":[],"product_cat":[105],"product_tag":[],"class_list":{"0":"post-2063","1":"product","2":"type-product","3":"status-publish","4":"has-post-thumbnail","6":"product_cat-online-consultation-de","8":"first","9":"instock","10":"virtual","11":"sold-individually","12":"purchasable","13":"product-type-booking"},"yoast_head":"<!-- This site is optimized with the Yoast SEO Premium plugin v20.8 (Yoast SEO v22.2) - https:\/\/yoast.com\/wordpress\/plugins\/seo\/ -->\n<title>Allgemeine Beratungen - El Shandawiily Law Firm for Legal Consultations<\/title>\n<meta name=\"robots\" content=\"index, follow, max-snippet:-1, max-image-preview:large, max-video-preview:-1\" \/>\n<link rel=\"canonical\" href=\"https:\/\/www.elshandawiily.com\/de\/produkt\/allgemeine-beratungen\/\" \/>\n<meta property=\"og:locale\" content=\"de_DE\" \/>\n<meta property=\"og:type\" content=\"article\" \/>\n<meta property=\"og:title\" content=\"Allgemeine Beratungen\" \/>\n<meta property=\"og:description\" content=\"Das Produkt der Buchung einer rechtlichen Beratung erm\u00f6glicht es Kunden, durch Buchung einer Beratungssitzung mit einem qualifizierten Anwalt, der sich auf das erforderliche Fachgebiet spezialisiert hat, angemessene und qualifizierte rechtliche Beratung und Unterst\u00fctzung zu erhalten. Kunden k\u00f6nnen eine Beratungssitzung online oder telefonisch buchen, und es wird ein bequemer Termin f\u00fcr sie vereinbart, um ihre rechtlichen\" \/>\n<meta property=\"og:url\" content=\"https:\/\/www.elshandawiily.com\/de\/produkt\/allgemeine-beratungen\/\" \/>\n<meta property=\"og:site_name\" content=\"El Shandawiily Law Firm for Legal Consultations\" \/>\n<meta property=\"og:image\" content=\"https:\/\/www.elshandawiily.com\/wp-content\/uploads\/2023\/07\/\u0627\u0633\u062a\u0634\u0627\u0631\u0627\u062a-\u0642\u0627\u0646\u0648\u0646\u064a\u0629-\u0628\u0627\u0644\u062a\u0644\u064a\u0641\u0648\u0646.jpg\" \/>\n\t<meta property=\"og:image:width\" content=\"1200\" \/>\n\t<meta property=\"og:image:height\" content=\"800\" \/>\n\t<meta property=\"og:image:type\" content=\"image\/jpeg\" \/>\n<meta name=\"twitter:card\" content=\"summary_large_image\" \/>\n<meta name=\"twitter:label1\" content=\"Gesch\u00e4tzte Lesezeit\" \/>\n\t<meta name=\"twitter:data1\" content=\"1\u00a0Minute\" \/>\n<script type=\"application\/ld+json\" class=\"yoast-schema-graph\">{\"@context\":\"https:\/\/schema.org\",\"@graph\":[{\"@type\":\"WebPage\",\"@id\":\"https:\/\/www.elshandawiily.com\/de\/produkt\/allgemeine-beratungen\/\",\"url\":\"https:\/\/www.elshandawiily.com\/de\/produkt\/allgemeine-beratungen\/\",\"name\":\"Allgemeine Beratungen - El Shandawiily Law Firm for Legal Consultations\",\"isPartOf\":{\"@id\":\"https:\/\/www.elshandawiily.com\/#website\"},\"primaryImageOfPage\":{\"@id\":\"https:\/\/www.elshandawiily.com\/de\/produkt\/allgemeine-beratungen\/#primaryimage\"},\"image\":{\"@id\":\"https:\/\/www.elshandawiily.com\/de\/produkt\/allgemeine-beratungen\/#primaryimage\"},\"thumbnailUrl\":\"https:\/\/www.elshandawiily.com\/wp-content\/uploads\/2023\/07\/\u0627\u0633\u062a\u0634\u0627\u0631\u0627\u062a-\u0642\u0627\u0646\u0648\u0646\u064a\u0629-\u0628\u0627\u0644\u062a\u0644\u064a\u0641\u0648\u0646.jpg\",\"datePublished\":\"2023-08-01T10:00:21+00:00\",\"dateModified\":\"2023-08-01T10:00:21+00:00\",\"breadcrumb\":{\"@id\":\"https:\/\/www.elshandawiily.com\/de\/produkt\/allgemeine-beratungen\/#breadcrumb\"},\"inLanguage\":\"de\",\"potentialAction\":[{\"@type\":\"ReadAction\",\"target\":[\"https:\/\/www.elshandawiily.com\/de\/produkt\/allgemeine-beratungen\/\"]}]},{\"@type\":\"ImageObject\",\"inLanguage\":\"de\",\"@id\":\"https:\/\/www.elshandawiily.com\/de\/produkt\/allgemeine-beratungen\/#primaryimage\",\"url\":\"https:\/\/www.elshandawiily.com\/wp-content\/uploads\/2023\/07\/\u0627\u0633\u062a\u0634\u0627\u0631\u0627\u062a-\u0642\u0627\u0646\u0648\u0646\u064a\u0629-\u0628\u0627\u0644\u062a\u0644\u064a\u0641\u0648\u0646.jpg\",\"contentUrl\":\"https:\/\/www.elshandawiily.com\/wp-content\/uploads\/2023\/07\/\u0627\u0633\u062a\u0634\u0627\u0631\u0627\u062a-\u0642\u0627\u0646\u0648\u0646\u064a\u0629-\u0628\u0627\u0644\u062a\u0644\u064a\u0641\u0648\u0646.jpg\",\"width\":1200,\"height\":800},{\"@type\":\"BreadcrumbList\",\"@id\":\"https:\/\/www.elshandawiily.com\/de\/produkt\/allgemeine-beratungen\/#breadcrumb\",\"itemListElement\":[{\"@type\":\"ListItem\",\"position\":1,\"name\":\"Home\",\"item\":\"https:\/\/www.elshandawiily.com\/de\/\"},{\"@type\":\"ListItem\",\"position\":2,\"name\":\"Shop\",\"item\":\"https:\/\/www.elshandawiily.com\/ar\/shop-3\/\"},{\"@type\":\"ListItem\",\"position\":3,\"name\":\"Allgemeine Beratungen\"}]},{\"@type\":\"WebSite\",\"@id\":\"https:\/\/www.elshandawiily.com\/#website\",\"url\":\"https:\/\/www.elshandawiily.com\/\",\"name\":\"El Shandawiily Law Firm for Legal Consultations\",\"description\":\"El Shandawiily Law Firm for Legal Consultations\",\"potentialAction\":[{\"@type\":\"SearchAction\",\"target\":{\"@type\":\"EntryPoint\",\"urlTemplate\":\"https:\/\/www.elshandawiily.com\/?s={search_term_string}\"},\"query-input\":\"required name=search_term_string\"}],\"inLanguage\":\"de\"}]}<\/script>\n<!-- \/ Yoast SEO Premium plugin. -->","yoast_head_json":{"title":"Allgemeine Beratungen - El Shandawiily Law Firm for Legal Consultations","robots":{"index":"index","follow":"follow","max-snippet":"max-snippet:-1","max-image-preview":"max-image-preview:large","max-video-preview":"max-video-preview:-1"},"canonical":"https:\/\/www.elshandawiily.com\/de\/produkt\/allgemeine-beratungen\/","og_locale":"de_DE","og_type":"article","og_title":"Allgemeine Beratungen","og_description":"Das Produkt der Buchung einer rechtlichen Beratung erm\u00f6glicht es Kunden, durch Buchung einer Beratungssitzung mit einem qualifizierten Anwalt, der sich auf das erforderliche Fachgebiet spezialisiert hat, angemessene und qualifizierte rechtliche Beratung und Unterst\u00fctzung zu erhalten. Kunden k\u00f6nnen eine Beratungssitzung online oder telefonisch buchen, und es wird ein bequemer Termin f\u00fcr sie vereinbart, um ihre rechtlichen","og_url":"https:\/\/www.elshandawiily.com\/de\/produkt\/allgemeine-beratungen\/","og_site_name":"El Shandawiily Law Firm for Legal Consultations","og_image":[{"width":1200,"height":800,"url":"https:\/\/www.elshandawiily.com\/wp-content\/uploads\/2023\/07\/\u0627\u0633\u062a\u0634\u0627\u0631\u0627\u062a-\u0642\u0627\u0646\u0648\u0646\u064a\u0629-\u0628\u0627\u0644\u062a\u0644\u064a\u0641\u0648\u0646.jpg","type":"image\/jpeg"}],"twitter_card":"summary_large_image","twitter_misc":{"Gesch\u00e4tzte Lesezeit":"1\u00a0Minute"},"schema":{"@context":"https:\/\/schema.org","@graph":[{"@type":"WebPage","@id":"https:\/\/www.elshandawiily.com\/de\/produkt\/allgemeine-beratungen\/","url":"https:\/\/www.elshandawiily.com\/de\/produkt\/allgemeine-beratungen\/","name":"Allgemeine Beratungen - El Shandawiily Law Firm for Legal Consultations","isPartOf":{"@id":"https:\/\/www.elshandawiily.com\/#website"},"primaryImageOfPage":{"@id":"https:\/\/www.elshandawiily.com\/de\/produkt\/allgemeine-beratungen\/#primaryimage"},"image":{"@id":"https:\/\/www.elshandawiily.com\/de\/produkt\/allgemeine-beratungen\/#primaryimage"},"thumbnailUrl":"https:\/\/www.elshandawiily.com\/wp-content\/uploads\/2023\/07\/\u0627\u0633\u062a\u0634\u0627\u0631\u0627\u062a-\u0642\u0627\u0646\u0648\u0646\u064a\u0629-\u0628\u0627\u0644\u062a\u0644\u064a\u0641\u0648\u0646.jpg","datePublished":"2023-08-01T10:00:21+00:00","dateModified":"2023-08-01T10:00:21+00:00","breadcrumb":{"@id":"https:\/\/www.elshandawiily.com\/de\/produkt\/allgemeine-beratungen\/#breadcrumb"},"inLanguage":"de","potentialAction":[{"@type":"ReadAction","target":["https:\/\/www.elshandawiily.com\/de\/produkt\/allgemeine-beratungen\/"]}]},{"@type":"ImageObject","inLanguage":"de","@id":"https:\/\/www.elshandawiily.com\/de\/produkt\/allgemeine-beratungen\/#primaryimage","url":"https:\/\/www.elshandawiily.com\/wp-content\/uploads\/2023\/07\/\u0627\u0633\u062a\u0634\u0627\u0631\u0627\u062a-\u0642\u0627\u0646\u0648\u0646\u064a\u0629-\u0628\u0627\u0644\u062a\u0644\u064a\u0641\u0648\u0646.jpg","contentUrl":"https:\/\/www.elshandawiily.com\/wp-content\/uploads\/2023\/07\/\u0627\u0633\u062a\u0634\u0627\u0631\u0627\u062a-\u0642\u0627\u0646\u0648\u0646\u064a\u0629-\u0628\u0627\u0644\u062a\u0644\u064a\u0641\u0648\u0646.jpg","width":1200,"height":800},{"@type":"BreadcrumbList","@id":"https:\/\/www.elshandawiily.com\/de\/produkt\/allgemeine-beratungen\/#breadcrumb","itemListElement":[{"@type":"ListItem","position":1,"name":"Home","item":"https:\/\/www.elshandawiily.com\/de\/"},{"@type":"ListItem","position":2,"name":"Shop","item":"https:\/\/www.elshandawiily.com\/ar\/shop-3\/"},{"@type":"ListItem","position":3,"name":"Allgemeine Beratungen"}]},{"@type":"WebSite","@id":"https:\/\/www.elshandawiily.com\/#website","url":"https:\/\/www.elshandawiily.com\/","name":"El Shandawiily Law Firm for Legal Consultations","description":"El Shandawiily Law Firm for Legal Consultations","potentialAction":[{"@type":"SearchAction","target":{"@type":"EntryPoint","urlTemplate":"https:\/\/www.elshandawiily.com\/?s={search_term_string}"},"query-input":"required name=search_term_string"}],"inLanguage":"de"}]}},"_links":{"self":[{"href":"https:\/\/www.elshandawiily.com\/de\/wp-json\/wp\/v2\/product\/2063","targetHints":{"allow":["GET"]}}],"collection":[{"href":"https:\/\/www.elshandawiily.com\/de\/wp-json\/wp\/v2\/product"}],"about":[{"href":"https:\/\/www.elshandawiily.com\/de\/wp-json\/wp\/v2\/types\/product"}],"replies":[{"embeddable":true,"href":"https:\/\/www.elshandawiily.com\/de\/wp-json\/wp\/v2\/comments?post=2063"}],"version-history":[{"count":0,"href":"https:\/\/www.elshandawiily.com\/de\/wp-json\/wp\/v2\/product\/2063\/revisions"}],"wp:featuredmedia":[{"embeddable":true,"href":"https:\/\/www.elshandawiily.com\/de\/wp-json\/wp\/v2\/media\/1991"}],"wp:attachment":[{"href":"https:\/\/www.elshandawiily.com\/de\/wp-json\/wp\/v2\/media?parent=2063"}],"wp:term":[{"taxonomy":"product_cat","embeddable":true,"href":"https:\/\/www.elshandawiily.com\/de\/wp-json\/wp\/v2\/product_cat?post=2063"},{"taxonomy":"product_tag","embeddable":true,"href":"https:\/\/www.elshandawiily.com\/de\/wp-json\/wp\/v2\/product_tag?post=2063"}],"curies":[{"name":"wp","href":"https:\/\/api.w.org\/{rel}","templated":true}]}}