{"id":1794,"date":"2019-11-11T12:13:58","date_gmt":"2019-11-11T09:13:58","guid":{"rendered":"https:\/\/www.elshandawiily.com\/dienstleistungen\/"},"modified":"2023-07-15T17:15:51","modified_gmt":"2023-07-15T14:15:51","slug":"dienstleistungen","status":"publish","type":"page","link":"https:\/\/www.elshandawiily.com\/en\/dienstleistungen\/","title":{"rendered":"Dienstleistungen"},"content":{"rendered":"\t\t<div data-elementor-type=\"wp-page\" data-elementor-id=\"1794\" class=\"elementor elementor-1794 elementor-239\">\n\t\t\t\t\t\t<section class=\"elementor-section elementor-top-section elementor-element elementor-element-91aa1a0 elementor-section-boxed elementor-section-height-default elementor-section-height-default\" data-id=\"91aa1a0\" data-element_type=\"section\">\n\t\t\t\t\t\t<div class=\"elementor-container elementor-column-gap-default\">\n\t\t\t\t\t<div class=\"elementor-column elementor-col-100 elementor-top-column elementor-element elementor-element-8dcfdd0\" data-id=\"8dcfdd0\" data-element_type=\"column\">\n\t\t\t<div class=\"elementor-widget-wrap elementor-element-populated\">\n\t\t\t\t\t\t<div class=\"elementor-element elementor-element-162b5e1 elementor-widget elementor-widget-wpo-barristar_title\" data-id=\"162b5e1\" data-element_type=\"widget\" data-widget_type=\"wpo-barristar_title.default\">\n\t\t\t\t<div class=\"elementor-widget-container\">\n\t\t\t\t\t\t<div class=\"title-area text-center\">\n\t\t\t\t<div class=\"section-title\">\n\t\t\t\t\t <span>Wie k\u00f6nnen wir Ihnen helfen?<\/span><h2>T\u00e4tigkeitsbereich<\/h2>\t\t    <\/div>\n\t\t\t<\/div>\n\t\t\t\t<\/div>\n\t\t\t\t<\/div>\n\t\t\t\t<div class=\"elementor-element elementor-element-8692923 elementor-widget elementor-widget-wpo-barristar_service\" data-id=\"8692923\" data-element_type=\"widget\" data-widget_type=\"wpo-barristar_service.default\">\n\t\t\t\t<div class=\"elementor-widget-container\">\n\t\t\t\t\t<div class=\"practice-area practice-area2 practice-area-3\">\t    \n\t\t\t<div class=\"row clearfix\">\n\t \t\t\t\t\t\t        <div class=\"col-lg-4 col-md-6 col-sm-6\">\n\t\t\t          <div class=\"service-item\">\n\t\t\t              <div class=\"row\">\n\t\t\t                  <div class=\"service-icon\">\n\t\t\t                      <i class=\"fi flaticon-parents\"><\/i>\n\t\t\t                  <\/div>\n\t\t\t                  <div class=\"service-text\">\n\t\t\t                      <h3><a href=\"https:\/\/www.elshandawiily.com\/en\/service\/zivilrecht\/\">Zivilrecht<\/a><\/h3>\n\t\t\t                      <p>Dieses Gebiet umfasst viele Themen wie Vertr\u00e4ge, Entsch\u00e4digung, zivilrechtliche Haftung und pers\u00f6nlichen Status wie Ehe, Scheidung<\/p>\n\t\t\t                      \t\t\t                      \t<a href=\"https:\/\/www.elshandawiily.com\/en\/service\/zivilrecht\/\">Weiterlesen<\/a>\n\t\t\t                      \t\t\t                  <\/div>\n\t\t\t              <\/div>\n\t\t\t          <\/div>\n\t\t\t        <\/div>\n\t\t\t      \t\t\t        <div class=\"col-lg-4 col-md-6 col-sm-6\">\n\t\t\t          <div class=\"service-item\">\n\t\t\t              <div class=\"row\">\n\t\t\t                  <div class=\"service-icon\">\n\t\t\t                      <i class=\"fi flaticon-house\"><\/i>\n\t\t\t                  <\/div>\n\t\t\t                  <div class=\"service-text\">\n\t\t\t                      <h3><a href=\"https:\/\/www.elshandawiily.com\/en\/service\/handelsrecht\/\">Handelsrecht<\/a><\/h3>\n\t\t\t                      <p>Das Handelsrecht umfasst viele Themen wie Handelsvertr\u00e4ge, Partnerschaften, Unternehmen, E-Commerce und mehr. Das Handelsrecht ist das<\/p>\n\t\t\t                      \t\t\t                      \t<a href=\"https:\/\/www.elshandawiily.com\/en\/service\/handelsrecht\/\">Weiterlesen<\/a>\n\t\t\t                      \t\t\t                  <\/div>\n\t\t\t              <\/div>\n\t\t\t          <\/div>\n\t\t\t        <\/div>\n\t\t\t      \t\t\t        <div class=\"col-lg-4 col-md-6 col-sm-6\">\n\t\t\t          <div class=\"service-item\">\n\t\t\t              <div class=\"row\">\n\t\t\t                  <div class=\"service-icon\">\n\t\t\t                      <i class=\"fi flaticon-thief\"><\/i>\n\t\t\t                  <\/div>\n\t\t\t                  <div class=\"service-text\">\n\t\t\t                      <h3><a href=\"https:\/\/www.elshandawiily.com\/en\/service\/strafrechtdas-strafrecht\/\">Strafrecht&quot;Das Strafrecht<\/a><\/h3>\n\t\t\t                      <p>Es bezieht sich auf Straftaten, Verbrechen und Strafen, die gegen Kriminelle verh\u00e4ngt werden. Das Strafrecht ist<\/p>\n\t\t\t                      \t\t\t                      \t<a href=\"https:\/\/www.elshandawiily.com\/en\/service\/strafrechtdas-strafrecht\/\">Weiterlesen<\/a>\n\t\t\t                      \t\t\t                  <\/div>\n\t\t\t              <\/div>\n\t\t\t          <\/div>\n\t\t\t        <\/div>\n\t\t\t      \t\t\t        <div class=\"col-lg-4 col-md-6 col-sm-6\">\n\t\t\t          <div class=\"service-item\">\n\t\t\t              <div class=\"row\">\n\t\t\t                  <div class=\"service-icon\">\n\t\t\t                      <i class=\"fa fa-copyright\"><\/i>\n\t\t\t                  <\/div>\n\t\t\t                  <div class=\"service-text\">\n\t\t\t                      <h3><a href=\"https:\/\/www.elshandawiily.com\/en\/service\/geistigeseigentum\/\">GeistigesEigentum<\/a><\/h3>\n\t\t\t                      <p>Dieses Gebiet umfasst geistiges Eigentum wie Urheberrechte, Marken und Patente. Geistiges Eigentum ist ein Begriff, der<\/p>\n\t\t\t                      \t\t\t                      \t<a href=\"https:\/\/www.elshandawiily.com\/en\/service\/geistigeseigentum\/\">Weiterlesen<\/a>\n\t\t\t                      \t\t\t                  <\/div>\n\t\t\t              <\/div>\n\t\t\t          <\/div>\n\t\t\t        <\/div>\n\t\t\t      \t\t\t        <div class=\"col-lg-4 col-md-6 col-sm-6\">\n\t\t\t          <div class=\"service-item\">\n\t\t\t              <div class=\"row\">\n\t\t\t                  <div class=\"service-icon\">\n\t\t\t                      <i class=\"fi flaticon-scale\"><\/i>\n\t\t\t                  <\/div>\n\t\t\t                  <div class=\"service-text\">\n\t\t\t                      <h3><a href=\"https:\/\/www.elshandawiily.com\/en\/service\/internationales-recht\/\">Internationales Recht<\/a><\/h3>\n\t\t\t                      <p>Dieses Gebiet umfasst eine Vielzahl von Themen wie V\u00f6lkerrecht, Internationales Privatrecht, Fl\u00fcchtlingsrechte, Migration und mehr. Internationales<\/p>\n\t\t\t                      \t\t\t                      \t<a href=\"https:\/\/www.elshandawiily.com\/en\/service\/internationales-recht\/\">Weiterlesen<\/a>\n\t\t\t                      \t\t\t                  <\/div>\n\t\t\t              <\/div>\n\t\t\t          <\/div>\n\t\t\t        <\/div>\n\t\t\t      \t\t\t        <div class=\"col-lg-4 col-md-6 col-sm-6\">\n\t\t\t          <div class=\"service-item\">\n\t\t\t              <div class=\"row\">\n\t\t\t                  <div class=\"service-icon\">\n\t\t\t                      <i class=\"fi flaticon-employee\"><\/i>\n\t\t\t                  <\/div>\n\t\t\t                  <div class=\"service-text\">\n\t\t\t                      <h3><a href=\"https:\/\/www.elshandawiily.com\/en\/service\/arbeitsrecht\/\">Arbeitsrecht<\/a><\/h3>\n\t\t\t                      <p>Es bezieht sich auf das Arbeitsverh\u00e4ltnis zwischen Arbeitnehmern und Arbeitgebern sowie die Gesetze und Vorschriften im<\/p>\n\t\t\t                      \t\t\t                      \t<a href=\"https:\/\/www.elshandawiily.com\/en\/service\/arbeitsrecht\/\">Weiterlesen<\/a>\n\t\t\t                      \t\t\t                  <\/div>\n\t\t\t              <\/div>\n\t\t\t          <\/div>\n\t\t\t        <\/div>\n\t\t\t      \t    \t<\/div>\n\t\t\t<\/div>\n\t\t\t\t\t<\/div>\n\t\t\t\t<\/div>\n\t\t\t\t\t<\/div>\n\t\t<\/div>\n\t\t\t\t\t<\/div>\n\t\t<\/section>\n\t\t\t\t<\/div>\n\t\t","protected":false},"excerpt":{"rendered":"Wie k\u00f6nnen wir Ihnen helfen? T\u00e4tigkeitsbereich Zivilrecht Dieses Gebiet umfasst viele Themen wie Vertr\u00e4ge, Entsch\u00e4digung, zivilrechtliche Haftung und pers\u00f6nlichen Status wie Ehe, Scheidung Weiterlesen Handelsrecht Das Handelsrecht umfasst viele Themen wie Handelsvertr\u00e4ge, Partnerschaften, Unternehmen, E-Commerce und mehr. Das Handelsrecht ist das Weiterlesen Strafrecht&quot;Das Strafrecht Es bezieht sich auf Straftaten, Verbrechen und Strafen, die gegen Kriminelle ","protected":false},"author":1,"featured_media":0,"parent":0,"menu_order":0,"comment_status":"closed","ping_status":"closed","template":"elementor_header_footer","meta":{"footnotes":""},"class_list":["post-1794","page","type-page","status-publish","hentry"],"yoast_head":"<!-- This site is optimized with the Yoast SEO Premium plugin v20.8 (Yoast SEO v22.2) - https:\/\/yoast.com\/wordpress\/plugins\/seo\/ -->\n<title>Dienstleistungen - El Shandawiily Law Firm for Legal Consultations<\/title>\n<meta name=\"robots\" content=\"index, follow, max-snippet:-1, max-image-preview:large, max-video-preview:-1\" \/>\n<link rel=\"canonical\" href=\"https:\/\/www.elshandawiily.com\/de\/dienstleistungen\/\" \/>\n<meta property=\"og:locale\" content=\"en_US\" \/>\n<meta property=\"og:type\" content=\"article\" \/>\n<meta property=\"og:title\" content=\"Dienstleistungen\" \/>\n<meta property=\"og:description\" content=\"Wie k\u00f6nnen wir Ihnen helfen? T\u00e4tigkeitsbereich Zivilrecht Dieses Gebiet umfasst viele Themen wie Vertr\u00e4ge, Entsch\u00e4digung, zivilrechtliche Haftung und pers\u00f6nlichen Status wie Ehe, Scheidung Weiterlesen Handelsrecht Das Handelsrecht umfasst viele Themen wie Handelsvertr\u00e4ge, Partnerschaften, Unternehmen, E-Commerce und mehr. Das Handelsrecht ist das Weiterlesen Strafrecht&quot;Das Strafrecht Es bezieht sich auf Straftaten, Verbrechen und Strafen, die gegen Kriminelle\" \/>\n<meta property=\"og:url\" content=\"https:\/\/www.elshandawiily.com\/de\/dienstleistungen\/\" \/>\n<meta property=\"og:site_name\" content=\"El Shandawiily Law Firm for Legal Consultations\" \/>\n<meta property=\"article:modified_time\" content=\"2023-07-15T14:15:51+00:00\" \/>\n<meta name=\"twitter:card\" content=\"summary_large_image\" \/>\n<meta name=\"twitter:label1\" content=\"Est. reading time\" \/>\n\t<meta name=\"twitter:data1\" content=\"1 minute\" \/>\n<script type=\"application\/ld+json\" class=\"yoast-schema-graph\">{\"@context\":\"https:\/\/schema.org\",\"@graph\":[{\"@type\":\"WebPage\",\"@id\":\"https:\/\/www.elshandawiily.com\/de\/dienstleistungen\/\",\"url\":\"https:\/\/www.elshandawiily.com\/de\/dienstleistungen\/\",\"name\":\"Dienstleistungen - El Shandawiily Law Firm for Legal Consultations\",\"isPartOf\":{\"@id\":\"https:\/\/www.elshandawiily.com\/#website\"},\"datePublished\":\"2019-11-11T09:13:58+00:00\",\"dateModified\":\"2023-07-15T14:15:51+00:00\",\"breadcrumb\":{\"@id\":\"https:\/\/www.elshandawiily.com\/de\/dienstleistungen\/#breadcrumb\"},\"inLanguage\":\"en-US\",\"potentialAction\":[{\"@type\":\"ReadAction\",\"target\":[\"https:\/\/www.elshandawiily.com\/de\/dienstleistungen\/\"]}]},{\"@type\":\"BreadcrumbList\",\"@id\":\"https:\/\/www.elshandawiily.com\/de\/dienstleistungen\/#breadcrumb\",\"itemListElement\":[{\"@type\":\"ListItem\",\"position\":1,\"name\":\"Home\",\"item\":\"https:\/\/www.elshandawiily.com\/\"},{\"@type\":\"ListItem\",\"position\":2,\"name\":\"Dienstleistungen\"}]},{\"@type\":\"WebSite\",\"@id\":\"https:\/\/www.elshandawiily.com\/#website\",\"url\":\"https:\/\/www.elshandawiily.com\/\",\"name\":\"El Shandawiily Law Firm for Legal Consultations\",\"description\":\"El Shandawiily Law Firm for Legal Consultations\",\"potentialAction\":[{\"@type\":\"SearchAction\",\"target\":{\"@type\":\"EntryPoint\",\"urlTemplate\":\"https:\/\/www.elshandawiily.com\/?s={search_term_string}\"},\"query-input\":\"required name=search_term_string\"}],\"inLanguage\":\"en-US\"}]}<\/script>\n<!-- \/ Yoast SEO Premium plugin. -->","yoast_head_json":{"title":"Dienstleistungen - El Shandawiily Law Firm for Legal Consultations","robots":{"index":"index","follow":"follow","max-snippet":"max-snippet:-1","max-image-preview":"max-image-preview:large","max-video-preview":"max-video-preview:-1"},"canonical":"https:\/\/www.elshandawiily.com\/de\/dienstleistungen\/","og_locale":"en_US","og_type":"article","og_title":"Dienstleistungen","og_description":"Wie k\u00f6nnen wir Ihnen helfen? T\u00e4tigkeitsbereich Zivilrecht Dieses Gebiet umfasst viele Themen wie Vertr\u00e4ge, Entsch\u00e4digung, zivilrechtliche Haftung und pers\u00f6nlichen Status wie Ehe, Scheidung Weiterlesen Handelsrecht Das Handelsrecht umfasst viele Themen wie Handelsvertr\u00e4ge, Partnerschaften, Unternehmen, E-Commerce und mehr. Das Handelsrecht ist das Weiterlesen Strafrecht&quot;Das Strafrecht Es bezieht sich auf Straftaten, Verbrechen und Strafen, die gegen Kriminelle","og_url":"https:\/\/www.elshandawiily.com\/de\/dienstleistungen\/","og_site_name":"El Shandawiily Law Firm for Legal Consultations","article_modified_time":"2023-07-15T14:15:51+00:00","twitter_card":"summary_large_image","twitter_misc":{"Est. reading time":"1 minute"},"schema":{"@context":"https:\/\/schema.org","@graph":[{"@type":"WebPage","@id":"https:\/\/www.elshandawiily.com\/de\/dienstleistungen\/","url":"https:\/\/www.elshandawiily.com\/de\/dienstleistungen\/","name":"Dienstleistungen - El Shandawiily Law Firm for Legal Consultations","isPartOf":{"@id":"https:\/\/www.elshandawiily.com\/#website"},"datePublished":"2019-11-11T09:13:58+00:00","dateModified":"2023-07-15T14:15:51+00:00","breadcrumb":{"@id":"https:\/\/www.elshandawiily.com\/de\/dienstleistungen\/#breadcrumb"},"inLanguage":"en-US","potentialAction":[{"@type":"ReadAction","target":["https:\/\/www.elshandawiily.com\/de\/dienstleistungen\/"]}]},{"@type":"BreadcrumbList","@id":"https:\/\/www.elshandawiily.com\/de\/dienstleistungen\/#breadcrumb","itemListElement":[{"@type":"ListItem","position":1,"name":"Home","item":"https:\/\/www.elshandawiily.com\/"},{"@type":"ListItem","position":2,"name":"Dienstleistungen"}]},{"@type":"WebSite","@id":"https:\/\/www.elshandawiily.com\/#website","url":"https:\/\/www.elshandawiily.com\/","name":"El Shandawiily Law Firm for Legal Consultations","description":"El Shandawiily Law Firm for Legal Consultations","potentialAction":[{"@type":"SearchAction","target":{"@type":"EntryPoint","urlTemplate":"https:\/\/www.elshandawiily.com\/?s={search_term_string}"},"query-input":"required name=search_term_string"}],"inLanguage":"en-US"}]}},"_links":{"self":[{"href":"https:\/\/www.elshandawiily.com\/en\/wp-json\/wp\/v2\/pages\/1794","targetHints":{"allow":["GET"]}}],"collection":[{"href":"https:\/\/www.elshandawiily.com\/en\/wp-json\/wp\/v2\/pages"}],"about":[{"href":"https:\/\/www.elshandawiily.com\/en\/wp-json\/wp\/v2\/types\/page"}],"author":[{"embeddable":true,"href":"https:\/\/www.elshandawiily.com\/en\/wp-json\/wp\/v2\/users\/1"}],"replies":[{"embeddable":true,"href":"https:\/\/www.elshandawiily.com\/en\/wp-json\/wp\/v2\/comments?post=1794"}],"version-history":[{"count":7,"href":"https:\/\/www.elshandawiily.com\/en\/wp-json\/wp\/v2\/pages\/1794\/revisions"}],"predecessor-version":[{"id":1859,"href":"https:\/\/www.elshandawiily.com\/en\/wp-json\/wp\/v2\/pages\/1794\/revisions\/1859"}],"wp:attachment":[{"href":"https:\/\/www.elshandawiily.com\/en\/wp-json\/wp\/v2\/media?parent=1794"}],"curies":[{"name":"wp","href":"https:\/\/api.w.org\/{rel}","templated":true}]}}