{"id":2061,"date":"2023-08-01T13:00:21","date_gmt":"2023-08-01T10:00:21","guid":{"rendered":"https:\/\/www.elshandawiily.com\/product\/consultation-preliminaire\/"},"modified":"2023-08-01T13:00:21","modified_gmt":"2023-08-01T10:00:21","slug":"consultation-preliminaire","status":"publish","type":"product","link":"https:\/\/www.elshandawiily.com\/fr\/produit\/consultation-preliminaire\/","title":{"rendered":"Consultation pr\u00e9liminaire"},"content":{"rendered":"<div class=\"ChatMessagesView_messagePair__CsQMW\">\n<div class=\"ChatMessage_chatMessage__KOsJb\" data-complete=\"true\">\n<div class=\"ChatMessage_messageRow__7yIr2\">\n<div class=\"ChatMessage_messageWrapper__Zf87D\">\n<div>\n<div class=\"Message_row___ur0Y\">\n<div class=\"Message_botMessageBubble__CPGMI\">\n<div class=\"Markdown_markdownContainer__UyYrv\">\n<p style=\"direction: rtl;\">Le produit de r\u00e9servation d&#8217;une consultation juridique permet aux clients de recevoir des conseils et des orientations juridiques appropri\u00e9s et qualifi\u00e9s en r\u00e9servant une session de consultation avec un avocat qualifi\u00e9 sp\u00e9cialis\u00e9 dans le domaine requis. Les clients peuvent r\u00e9server une session de consultation en ligne ou par t\u00e9l\u00e9phone, et un rendez-vous pratique est planifi\u00e9 pour discuter de leurs probl\u00e8mes juridiques et obtenir des r\u00e9ponses \u00e0 leurs questions. Ce produit se caract\u00e9rise par sa facilit\u00e9, sa commodit\u00e9 et sa rapidit\u00e9 d&#8217;obtention des r\u00e9ponses requises, ce qui permet de gagner du temps et des efforts pour les clients et de garantir qu&#8217;ils re\u00e7oivent des conseils juridiques appropri\u00e9s et qualifi\u00e9s.<\/p>\n<\/div>\n<\/div>\n<\/div>\n<\/div>\n<\/div>\n<\/div>\n<\/div>\n<\/div>\n<div class=\"ChatMessagesView_messagePair__CsQMW\">\n<div class=\"ChatMessage_chatMessage__KOsJb\" data-complete=\"true\">\n<div class=\"ChatMessage_messageRow__7yIr2\">\n<div class=\"ChatMessage_messageWrapper__Zf87D ChatMessage_humanMessageWrapper__76ZSo\">\n<div>\n<div class=\"Message_row___ur0Y Message_humanRow__cmibI\">\n<div class=\"Message_humanMessageBubble__Nld4j\">\n<div class=\"Markdown_markdownContainer__UyYrv\" style=\"direction: rtl;\"><\/div>\n<\/div>\n<\/div>\n<\/div>\n<\/div>\n<\/div>\n<\/div>\n<\/div>\n","protected":false},"excerpt":{"rendered":"Le produit de r\u00e9servation d&#8217;une consultation juridique permet aux clients de recevoir des conseils et des orientations juridiques appropri\u00e9s et qualifi\u00e9s en r\u00e9servant une session de consultation avec un avocat qualifi\u00e9 sp\u00e9cialis\u00e9 dans le domaine requis. Les clients peuvent r\u00e9server une session de consultation en ligne ou par t\u00e9l\u00e9phone, et un rendez-vous pratique est planifi\u00e9 ","protected":false},"featured_media":1990,"comment_status":"open","ping_status":"closed","template":"","meta":[],"product_cat":[104],"product_tag":[],"class_list":{"0":"post-2061","1":"product","2":"type-product","3":"status-publish","4":"has-post-thumbnail","6":"product_cat-online-consultation-fr","8":"first","9":"instock","10":"virtual","11":"sold-individually","12":"purchasable","13":"product-type-booking"},"yoast_head":"<!-- This site is optimized with the Yoast SEO Premium plugin v20.8 (Yoast SEO v22.2) - https:\/\/yoast.com\/wordpress\/plugins\/seo\/ -->\n<title>Consultation pr\u00e9liminaire - El Shandawiily Law Firm for Legal Consultations<\/title>\n<meta name=\"robots\" content=\"index, follow, max-snippet:-1, max-image-preview:large, max-video-preview:-1\" \/>\n<link rel=\"canonical\" href=\"https:\/\/www.elshandawiily.com\/fr\/produit\/consultation-preliminaire\/\" \/>\n<meta property=\"og:locale\" content=\"fr_FR\" \/>\n<meta property=\"og:type\" content=\"article\" \/>\n<meta property=\"og:title\" content=\"Consultation pr\u00e9liminaire\" \/>\n<meta property=\"og:description\" content=\"Le produit de r\u00e9servation d&#8217;une consultation juridique permet aux clients de recevoir des conseils et des orientations juridiques appropri\u00e9s et qualifi\u00e9s en r\u00e9servant une session de consultation avec un avocat qualifi\u00e9 sp\u00e9cialis\u00e9 dans le domaine requis. Les clients peuvent r\u00e9server une session de consultation en ligne ou par t\u00e9l\u00e9phone, et un rendez-vous pratique est planifi\u00e9\" \/>\n<meta property=\"og:url\" content=\"https:\/\/www.elshandawiily.com\/fr\/produit\/consultation-preliminaire\/\" \/>\n<meta property=\"og:site_name\" content=\"El Shandawiily Law Firm for Legal Consultations\" \/>\n<meta property=\"og:image\" content=\"https:\/\/www.elshandawiily.com\/wp-content\/uploads\/2023\/07\/\u0627\u0633\u062a\u0634\u0627\u0631\u0627\u062a-\u0642\u0627\u0646\u0648\u0646\u064a\u0629-\u0628\u0627\u0644\u062a\u0644\u064a\u0641\u0648\u0646.jpg\" \/>\n\t<meta property=\"og:image:width\" content=\"1200\" \/>\n\t<meta property=\"og:image:height\" content=\"800\" \/>\n\t<meta property=\"og:image:type\" content=\"image\/jpeg\" \/>\n<meta name=\"twitter:card\" content=\"summary_large_image\" \/>\n<meta name=\"twitter:label1\" content=\"Dur\u00e9e de lecture estim\u00e9e\" \/>\n\t<meta name=\"twitter:data1\" content=\"1 minute\" \/>\n<script type=\"application\/ld+json\" class=\"yoast-schema-graph\">{\"@context\":\"https:\/\/schema.org\",\"@graph\":[{\"@type\":\"WebPage\",\"@id\":\"https:\/\/www.elshandawiily.com\/fr\/produit\/consultation-preliminaire\/\",\"url\":\"https:\/\/www.elshandawiily.com\/fr\/produit\/consultation-preliminaire\/\",\"name\":\"Consultation pr\u00e9liminaire - El Shandawiily Law Firm for Legal Consultations\",\"isPartOf\":{\"@id\":\"https:\/\/www.elshandawiily.com\/#website\"},\"primaryImageOfPage\":{\"@id\":\"https:\/\/www.elshandawiily.com\/fr\/produit\/consultation-preliminaire\/#primaryimage\"},\"image\":{\"@id\":\"https:\/\/www.elshandawiily.com\/fr\/produit\/consultation-preliminaire\/#primaryimage\"},\"thumbnailUrl\":\"https:\/\/www.elshandawiily.com\/wp-content\/uploads\/2023\/07\/\u0627\u0633\u062a\u0634\u0627\u0631\u0627\u062a-\u0642\u0627\u0646\u0648\u0646\u064a\u0629-\u0628\u0627\u0644\u062a\u0644\u064a\u0641\u0648\u0646.jpg\",\"datePublished\":\"2023-08-01T10:00:21+00:00\",\"dateModified\":\"2023-08-01T10:00:21+00:00\",\"breadcrumb\":{\"@id\":\"https:\/\/www.elshandawiily.com\/fr\/produit\/consultation-preliminaire\/#breadcrumb\"},\"inLanguage\":\"fr-FR\",\"potentialAction\":[{\"@type\":\"ReadAction\",\"target\":[\"https:\/\/www.elshandawiily.com\/fr\/produit\/consultation-preliminaire\/\"]}]},{\"@type\":\"ImageObject\",\"inLanguage\":\"fr-FR\",\"@id\":\"https:\/\/www.elshandawiily.com\/fr\/produit\/consultation-preliminaire\/#primaryimage\",\"url\":\"https:\/\/www.elshandawiily.com\/wp-content\/uploads\/2023\/07\/\u0627\u0633\u062a\u0634\u0627\u0631\u0627\u062a-\u0642\u0627\u0646\u0648\u0646\u064a\u0629-\u0628\u0627\u0644\u062a\u0644\u064a\u0641\u0648\u0646.jpg\",\"contentUrl\":\"https:\/\/www.elshandawiily.com\/wp-content\/uploads\/2023\/07\/\u0627\u0633\u062a\u0634\u0627\u0631\u0627\u062a-\u0642\u0627\u0646\u0648\u0646\u064a\u0629-\u0628\u0627\u0644\u062a\u0644\u064a\u0641\u0648\u0646.jpg\",\"width\":1200,\"height\":800},{\"@type\":\"BreadcrumbList\",\"@id\":\"https:\/\/www.elshandawiily.com\/fr\/produit\/consultation-preliminaire\/#breadcrumb\",\"itemListElement\":[{\"@type\":\"ListItem\",\"position\":1,\"name\":\"Home\",\"item\":\"https:\/\/www.elshandawiily.com\/fr\/\"},{\"@type\":\"ListItem\",\"position\":2,\"name\":\"Shop\",\"item\":\"https:\/\/www.elshandawiily.com\/ar\/shop-3\/\"},{\"@type\":\"ListItem\",\"position\":3,\"name\":\"Consultation pr\u00e9liminaire\"}]},{\"@type\":\"WebSite\",\"@id\":\"https:\/\/www.elshandawiily.com\/#website\",\"url\":\"https:\/\/www.elshandawiily.com\/\",\"name\":\"El Shandawiily Law Firm for Legal Consultations\",\"description\":\"El Shandawiily Law Firm for Legal Consultations\",\"potentialAction\":[{\"@type\":\"SearchAction\",\"target\":{\"@type\":\"EntryPoint\",\"urlTemplate\":\"https:\/\/www.elshandawiily.com\/?s={search_term_string}\"},\"query-input\":\"required name=search_term_string\"}],\"inLanguage\":\"fr-FR\"}]}<\/script>\n<!-- \/ Yoast SEO Premium plugin. -->","yoast_head_json":{"title":"Consultation pr\u00e9liminaire - El Shandawiily Law Firm for Legal Consultations","robots":{"index":"index","follow":"follow","max-snippet":"max-snippet:-1","max-image-preview":"max-image-preview:large","max-video-preview":"max-video-preview:-1"},"canonical":"https:\/\/www.elshandawiily.com\/fr\/produit\/consultation-preliminaire\/","og_locale":"fr_FR","og_type":"article","og_title":"Consultation pr\u00e9liminaire","og_description":"Le produit de r\u00e9servation d&#8217;une consultation juridique permet aux clients de recevoir des conseils et des orientations juridiques appropri\u00e9s et qualifi\u00e9s en r\u00e9servant une session de consultation avec un avocat qualifi\u00e9 sp\u00e9cialis\u00e9 dans le domaine requis. Les clients peuvent r\u00e9server une session de consultation en ligne ou par t\u00e9l\u00e9phone, et un rendez-vous pratique est planifi\u00e9","og_url":"https:\/\/www.elshandawiily.com\/fr\/produit\/consultation-preliminaire\/","og_site_name":"El Shandawiily Law Firm for Legal Consultations","og_image":[{"width":1200,"height":800,"url":"https:\/\/www.elshandawiily.com\/wp-content\/uploads\/2023\/07\/\u0627\u0633\u062a\u0634\u0627\u0631\u0627\u062a-\u0642\u0627\u0646\u0648\u0646\u064a\u0629-\u0628\u0627\u0644\u062a\u0644\u064a\u0641\u0648\u0646.jpg","type":"image\/jpeg"}],"twitter_card":"summary_large_image","twitter_misc":{"Dur\u00e9e de lecture estim\u00e9e":"1 minute"},"schema":{"@context":"https:\/\/schema.org","@graph":[{"@type":"WebPage","@id":"https:\/\/www.elshandawiily.com\/fr\/produit\/consultation-preliminaire\/","url":"https:\/\/www.elshandawiily.com\/fr\/produit\/consultation-preliminaire\/","name":"Consultation pr\u00e9liminaire - El Shandawiily Law Firm for Legal Consultations","isPartOf":{"@id":"https:\/\/www.elshandawiily.com\/#website"},"primaryImageOfPage":{"@id":"https:\/\/www.elshandawiily.com\/fr\/produit\/consultation-preliminaire\/#primaryimage"},"image":{"@id":"https:\/\/www.elshandawiily.com\/fr\/produit\/consultation-preliminaire\/#primaryimage"},"thumbnailUrl":"https:\/\/www.elshandawiily.com\/wp-content\/uploads\/2023\/07\/\u0627\u0633\u062a\u0634\u0627\u0631\u0627\u062a-\u0642\u0627\u0646\u0648\u0646\u064a\u0629-\u0628\u0627\u0644\u062a\u0644\u064a\u0641\u0648\u0646.jpg","datePublished":"2023-08-01T10:00:21+00:00","dateModified":"2023-08-01T10:00:21+00:00","breadcrumb":{"@id":"https:\/\/www.elshandawiily.com\/fr\/produit\/consultation-preliminaire\/#breadcrumb"},"inLanguage":"fr-FR","potentialAction":[{"@type":"ReadAction","target":["https:\/\/www.elshandawiily.com\/fr\/produit\/consultation-preliminaire\/"]}]},{"@type":"ImageObject","inLanguage":"fr-FR","@id":"https:\/\/www.elshandawiily.com\/fr\/produit\/consultation-preliminaire\/#primaryimage","url":"https:\/\/www.elshandawiily.com\/wp-content\/uploads\/2023\/07\/\u0627\u0633\u062a\u0634\u0627\u0631\u0627\u062a-\u0642\u0627\u0646\u0648\u0646\u064a\u0629-\u0628\u0627\u0644\u062a\u0644\u064a\u0641\u0648\u0646.jpg","contentUrl":"https:\/\/www.elshandawiily.com\/wp-content\/uploads\/2023\/07\/\u0627\u0633\u062a\u0634\u0627\u0631\u0627\u062a-\u0642\u0627\u0646\u0648\u0646\u064a\u0629-\u0628\u0627\u0644\u062a\u0644\u064a\u0641\u0648\u0646.jpg","width":1200,"height":800},{"@type":"BreadcrumbList","@id":"https:\/\/www.elshandawiily.com\/fr\/produit\/consultation-preliminaire\/#breadcrumb","itemListElement":[{"@type":"ListItem","position":1,"name":"Home","item":"https:\/\/www.elshandawiily.com\/fr\/"},{"@type":"ListItem","position":2,"name":"Shop","item":"https:\/\/www.elshandawiily.com\/ar\/shop-3\/"},{"@type":"ListItem","position":3,"name":"Consultation pr\u00e9liminaire"}]},{"@type":"WebSite","@id":"https:\/\/www.elshandawiily.com\/#website","url":"https:\/\/www.elshandawiily.com\/","name":"El Shandawiily Law Firm for Legal Consultations","description":"El Shandawiily Law Firm for Legal Consultations","potentialAction":[{"@type":"SearchAction","target":{"@type":"EntryPoint","urlTemplate":"https:\/\/www.elshandawiily.com\/?s={search_term_string}"},"query-input":"required name=search_term_string"}],"inLanguage":"fr-FR"}]}},"_links":{"self":[{"href":"https:\/\/www.elshandawiily.com\/fr\/wp-json\/wp\/v2\/product\/2061","targetHints":{"allow":["GET"]}}],"collection":[{"href":"https:\/\/www.elshandawiily.com\/fr\/wp-json\/wp\/v2\/product"}],"about":[{"href":"https:\/\/www.elshandawiily.com\/fr\/wp-json\/wp\/v2\/types\/product"}],"replies":[{"embeddable":true,"href":"https:\/\/www.elshandawiily.com\/fr\/wp-json\/wp\/v2\/comments?post=2061"}],"version-history":[{"count":0,"href":"https:\/\/www.elshandawiily.com\/fr\/wp-json\/wp\/v2\/product\/2061\/revisions"}],"wp:featuredmedia":[{"embeddable":true,"href":"https:\/\/www.elshandawiily.com\/fr\/wp-json\/wp\/v2\/media\/1990"}],"wp:attachment":[{"href":"https:\/\/www.elshandawiily.com\/fr\/wp-json\/wp\/v2\/media?parent=2061"}],"wp:term":[{"taxonomy":"product_cat","embeddable":true,"href":"https:\/\/www.elshandawiily.com\/fr\/wp-json\/wp\/v2\/product_cat?post=2061"},{"taxonomy":"product_tag","embeddable":true,"href":"https:\/\/www.elshandawiily.com\/fr\/wp-json\/wp\/v2\/product_tag?post=2061"}],"curies":[{"name":"wp","href":"https:\/\/api.w.org\/{rel}","templated":true}]}}